{"id":105,"date":"2025-04-09T20:28:14","date_gmt":"2025-04-09T18:28:14","guid":{"rendered":"https:\/\/lemonchiffon-okapi-814758.hostingersite.com\/?page_id=105"},"modified":"2025-09-17T02:12:07","modified_gmt":"2025-09-17T00:12:07","slug":"contactez-nous","status":"publish","type":"page","link":"https:\/\/opleh.org\/?page_id=105","title":{"rendered":"Contactez-nous"},"content":{"rendered":"\t\t<div data-elementor-type=\"wp-page\" data-elementor-id=\"105\" class=\"elementor elementor-105\">\n\t\t\t\t<div class=\"elementor-element elementor-element-24de4eb e-flex e-con-boxed e-con e-parent\" data-id=\"24de4eb\" data-element_type=\"container\" data-e-type=\"container\">\n\t\t\t\t\t<div class=\"e-con-inner\">\n\t\t<div class=\"elementor-element elementor-element-c469758 e-con-full e-flex e-con e-child\" data-id=\"c469758\" data-element_type=\"container\" data-e-type=\"container\">\n\t\t\t\t<div class=\"elementor-element elementor-element-56bf7a7 elementor-widget__width-inherit elementor-widget elementor-widget-image\" data-id=\"56bf7a7\" data-element_type=\"widget\" data-e-type=\"widget\" data-widget_type=\"image.default\">\n\t\t\t\t<div class=\"elementor-widget-container\">\n\t\t\t\t\t\t\t\t\t\t\t\t\t\t\t<img fetchpriority=\"high\" decoding=\"async\" width=\"1536\" height=\"862\" src=\"https:\/\/opleh.org\/wp-content\/uploads\/2025\/09\/PSX_20250802_232745-1536x862.jpg\" class=\"attachment-1536x1536 size-1536x1536 wp-image-411\" alt=\"\" srcset=\"https:\/\/opleh.org\/wp-content\/uploads\/2025\/09\/PSX_20250802_232745-1536x862.jpg 1536w, https:\/\/opleh.org\/wp-content\/uploads\/2025\/09\/PSX_20250802_232745-300x168.jpg 300w, https:\/\/opleh.org\/wp-content\/uploads\/2025\/09\/PSX_20250802_232745-1024x575.jpg 1024w, https:\/\/opleh.org\/wp-content\/uploads\/2025\/09\/PSX_20250802_232745-768x431.jpg 768w, https:\/\/opleh.org\/wp-content\/uploads\/2025\/09\/PSX_20250802_232745-2048x1150.jpg 2048w\" sizes=\"(max-width: 1536px) 100vw, 1536px\" \/>\t\t\t\t\t\t\t\t\t\t\t\t\t\t\t<\/div>\n\t\t\t\t<\/div>\n\t\t\t\t<\/div>\n\t\t<div class=\"elementor-element elementor-element-9e3130f e-con-full e-flex e-con e-child\" data-id=\"9e3130f\" data-element_type=\"container\" data-e-type=\"container\">\n\t\t\t\t<div class=\"elementor-element elementor-element-b75d65f elementor-widget elementor-widget-text-editor\" data-id=\"b75d65f\" data-element_type=\"widget\" data-e-type=\"widget\" data-widget_type=\"text-editor.default\">\n\t\t\t\t<div class=\"elementor-widget-container\">\n\t\t\t\t\t\t\t\t\t<h3 class=\"\" data-start=\"99\" data-end=\"127\">\u2709\ufe0f <strong data-start=\"106\" data-end=\"127\">Prenons contact !<\/strong><\/h3><p class=\"\" data-start=\"129\" data-end=\"439\">Nous serions ravis de vous lire et d\u2019\u00e9changer avec vous. Que vous soyez un \u00e9ducateur passionn\u00e9, un partenaire potentiel, un b\u00e9n\u00e9vole engag\u00e9, ou simplement une personne curieuse de mieux conna\u00eetre nos actions, <strong data-start=\"338\" data-end=\"414\">l\u2019Organisme de Promotion de la Lecture et de l\u2019\u00c9criture en Ha\u00efti (OPLEH)<\/strong> est toujours \u00e0 l\u2019\u00e9coute.<\/p><p class=\"\" data-start=\"441\" data-end=\"645\">Nous croyons profond\u00e9ment que chaque collaboration, chaque id\u00e9e et chaque message peut contribuer \u00e0 renforcer notre mission : <strong data-start=\"567\" data-end=\"644\">favoriser l\u2019amour de la lecture et de l\u2019\u00e9criture chez les jeunes Ha\u00eftiens<\/strong>.<\/p>\t\t\t\t\t\t\t\t<\/div>\n\t\t\t\t<\/div>\n\t\t\t\t<\/div>\n\t\t\t\t\t<\/div>\n\t\t\t\t<\/div>\n\t\t<div class=\"elementor-element elementor-element-86ac375 e-flex e-con-boxed e-con e-parent\" data-id=\"86ac375\" data-element_type=\"container\" data-e-type=\"container\">\n\t\t\t\t\t<div class=\"e-con-inner\">\n\t\t\t\t<div class=\"elementor-element elementor-element-f0aaccf elementor-widget elementor-widget-text-editor\" data-id=\"f0aaccf\" data-element_type=\"widget\" data-e-type=\"widget\" data-widget_type=\"text-editor.default\">\n\t\t\t\t<div class=\"elementor-widget-container\">\n\t\t\t\t\t\t\t\t\t<p class=\"\" data-start=\"647\" data-end=\"946\">\ud83d\udccc <strong data-start=\"650\" data-end=\"707\">Utilisez le formulaire ci-dessous pour nous contacter<\/strong>, que ce soit pour poser une question, partager une suggestion, proposer un partenariat, ou encore vous engager \u00e0 nos c\u00f4t\u00e9s.<br data-start=\"831\" data-end=\"834\" \/>\ud83d\udcde Vous pouvez \u00e9galement nous joindre directement via nos coordonn\u00e9es ou nous retrouver sur nos r\u00e9seaux sociaux.<\/p><p class=\"\" data-start=\"948\" data-end=\"1026\"><strong data-start=\"948\" data-end=\"1026\">Ensemble, faisons grandir la culture du livre et de l\u2019expression en Ha\u00efti.<\/strong><\/p>\t\t\t\t\t\t\t\t<\/div>\n\t\t\t\t<\/div>\n\t\t\t\t\t<\/div>\n\t\t\t\t<\/div>\n\t\t<div class=\"elementor-element elementor-element-415f3c6 e-flex e-con-boxed e-con e-parent\" data-id=\"415f3c6\" data-element_type=\"container\" data-e-type=\"container\" data-settings=\"{&quot;background_background&quot;:&quot;classic&quot;}\">\n\t\t\t\t\t<div class=\"e-con-inner\">\n\t\t\t\t<div class=\"elementor-element elementor-element-bb4b4c0 elementor-widget elementor-widget-heading\" data-id=\"bb4b4c0\" data-element_type=\"widget\" data-e-type=\"widget\" data-widget_type=\"heading.default\">\n\t\t\t\t<div class=\"elementor-widget-container\">\n\t\t\t\t\t<h1 class=\"elementor-heading-title elementor-size-default\">\ud83d\udccd <strong data-start=\"725\" data-end=\"740\">Coordonn\u00e9es<\/strong><\/h1>\t\t\t\t<\/div>\n\t\t\t\t<\/div>\n\t\t\t\t\t<\/div>\n\t\t\t\t<\/div>\n\t\t<div class=\"elementor-element elementor-element-adb2373 e-con-full e-flex e-con e-parent\" data-id=\"adb2373\" data-element_type=\"container\" data-e-type=\"container\">\n\t\t\t\t<div class=\"elementor-element elementor-element-2e3cfa0 elementor-widget elementor-widget-wpforms\" data-id=\"2e3cfa0\" data-element_type=\"widget\" data-e-type=\"widget\" data-widget_type=\"wpforms.default\">\n\t\t\t\t<div class=\"elementor-widget-container\">\n\t\t\t\t\t<style id=\"wpforms-css-vars-elementor-widget-2e3cfa0\">\n\t\t\t\t.elementor-widget-wpforms.elementor-element-2e3cfa0 {\n\t\t\t\t--wpforms-field-border-color: #1F2020FA;\n--wpforms-field-border-color-spare: #1F2020FA;\n--wpforms-field-border-size: 2px;\n\t\t\t}\n\t\t\t<\/style><div class=\"wpforms-container wpforms-container-full wpforms-render-modern\" id=\"wpforms-107\"><form id=\"wpforms-form-107\" class=\"wpforms-validate wpforms-form wpforms-ajax-form\" data-formid=\"107\" method=\"post\" enctype=\"multipart\/form-data\" action=\"\/index.php?rest_route=%2Fwp%2Fv2%2Fpages%2F105\" data-token=\"3781652db53c9b96dc58f468e278ba02\" data-token-time=\"1778524642\"><div class=\"wpforms-head-container\"><div class=\"wpforms-title\">Formulaire de contact<\/div><\/div><noscript class=\"wpforms-error-noscript\">Veuillez activer JavaScript dans votre navigateur pour remplir ce formulaire.<\/noscript><div id=\"wpforms-error-noscript\" style=\"display: none;\">Veuillez activer JavaScript dans votre navigateur pour remplir ce formulaire.<\/div><div class=\"wpforms-field-container\"><div id=\"wpforms-107-field_1-container\" class=\"wpforms-field wpforms-field-name\" data-field-id=\"1\"><label class=\"wpforms-field-label\" for=\"wpforms-107-field_1\">Nom <span class=\"wpforms-required-label\" aria-hidden=\"true\">*<\/span><\/label><input type=\"text\" id=\"wpforms-107-field_1\" class=\"wpforms-field-medium wpforms-field-required\" name=\"wpforms[fields][1]\" aria-errormessage=\"wpforms-107-field_1-error\" required><\/div>\t\t<div id=\"wpforms-107-field_4-container\"\n\t\t\tclass=\"wpforms-field wpforms-field-text\"\n\t\t\tdata-field-type=\"text\"\n\t\t\tdata-field-id=\"4\"\n\t\t\t>\n\t\t\t<label class=\"wpforms-field-label\" for=\"wpforms-107-field_4\" >ou message Nom<\/label>\n\t\t\t<input type=\"text\" id=\"wpforms-107-field_4\" class=\"wpforms-field-medium\" name=\"wpforms[fields][4]\" >\n\t\t<\/div>\n\t\t<div id=\"wpforms-107-field_2-container\" class=\"wpforms-field wpforms-field-email\" data-field-id=\"2\"><label class=\"wpforms-field-label\" for=\"wpforms-107-field_2\">E-mail <span class=\"wpforms-required-label\" aria-hidden=\"true\">*<\/span><\/label><input type=\"email\" id=\"wpforms-107-field_2\" class=\"wpforms-field-medium wpforms-field-required\" name=\"wpforms[fields][2]\" spellcheck=\"false\" aria-errormessage=\"wpforms-107-field_2-error\" required><\/div><div id=\"wpforms-107-field_3-container\" class=\"wpforms-field wpforms-field-textarea\" data-field-id=\"3\"><label class=\"wpforms-field-label\" for=\"wpforms-107-field_3\">Commentaire ou message<\/label><textarea id=\"wpforms-107-field_3\" class=\"wpforms-field-medium\" name=\"wpforms[fields][3]\" aria-errormessage=\"wpforms-107-field_3-error\" ><\/textarea><\/div><script>\n\t\t\t\t( function() {\n\t\t\t\t\tconst style = document.createElement( 'style' );\n\t\t\t\t\tstyle.appendChild( document.createTextNode( '#wpforms-107-field_4-container { position: absolute !important; overflow: hidden !important; display: inline !important; height: 1px !important; width: 1px !important; z-index: -1000 !important; padding: 0 !important; } #wpforms-107-field_4-container input { visibility: hidden; } #wpforms-conversational-form-page #wpforms-107-field_4-container label { counter-increment: none; }' ) );\n\t\t\t\t\tdocument.head.appendChild( style );\n\t\t\t\t\tdocument.currentScript?.remove();\n\t\t\t\t} )();\n\t\t\t<\/script><\/div><!-- .wpforms-field-container --><div class=\"wpforms-submit-container\" ><input type=\"hidden\" name=\"wpforms[id]\" value=\"107\"><input type=\"hidden\" name=\"page_title\" value=\"\"><input type=\"hidden\" name=\"page_url\" value=\"https:\/\/opleh.org\/index.php?rest_route=\/wp\/v2\/pages\/105\"><input type=\"hidden\" name=\"url_referer\" value=\"\"><button type=\"submit\" name=\"wpforms[submit]\" id=\"wpforms-submit-107\" class=\"wpforms-submit\" data-alt-text=\"Envoi...\" data-submit-text=\"Envoyer\" aria-live=\"assertive\" value=\"wpforms-submit\">Envoyer<\/button><img decoding=\"async\" src=\"https:\/\/opleh.org\/wp-content\/plugins\/wpforms-lite\/assets\/images\/submit-spin.svg\" class=\"wpforms-submit-spinner\" style=\"display: none;\" width=\"26\" height=\"26\" alt=\"Chargement en cours\"><\/div><\/form><\/div>  <!-- .wpforms-container -->\t\t\t\t<\/div>\n\t\t\t\t<\/div>\n\t\t\t\t<\/div>\n\t\t<div class=\"elementor-element elementor-element-ffe0627 e-flex e-con-boxed e-con e-parent\" data-id=\"ffe0627\" data-element_type=\"container\" data-e-type=\"container\">\n\t\t\t\t\t<div class=\"e-con-inner\">\n\t\t\t\t<div class=\"elementor-element elementor-element-ceea336 elementor-widget elementor-widget-heading\" data-id=\"ceea336\" data-element_type=\"widget\" data-e-type=\"widget\" data-widget_type=\"heading.default\">\n\t\t\t\t<div class=\"elementor-widget-container\">\n\t\t\t\t\t<h3 class=\"elementor-heading-title elementor-size-default\">Courriel          : contact@opleh.org \nT\u00e9l\u00e9phone     : +509 33 77 7089 \nAdresse 1       : 189, rue Christophe, K-Soleil, Gona\u00efves, Artibonite \nAdresse 2 : P04-N, Village EKAM, Caracol, Nord'Est<\/h3>\t\t\t\t<\/div>\n\t\t\t\t<\/div>\n\t\t\t\t\t<\/div>\n\t\t\t\t<\/div>\n\t\t<div class=\"elementor-element elementor-element-5e48f9d e-flex e-con-boxed e-con e-parent\" data-id=\"5e48f9d\" data-element_type=\"container\" data-e-type=\"container\">\n\t\t\t\t\t<div class=\"e-con-inner\">\n\t\t\t\t<div class=\"elementor-element elementor-element-0285297 elementor-widget elementor-widget-heading\" data-id=\"0285297\" data-element_type=\"widget\" data-e-type=\"widget\" data-widget_type=\"heading.default\">\n\t\t\t\t<div class=\"elementor-widget-container\">\n\t\t\t\t\t<h1 class=\"elementor-heading-title elementor-size-default\">\ud83d\udd17 <strong data-start=\"971\" data-end=\"992\">R\u00e9seaux sociaux :<\/strong><\/h1>\t\t\t\t<\/div>\n\t\t\t\t<\/div>\n\t\t\t\t\t<\/div>\n\t\t\t\t<\/div>\n\t\t<div class=\"elementor-element elementor-element-1c27e7b e-flex e-con-boxed e-con e-parent\" data-id=\"1c27e7b\" data-element_type=\"container\" data-e-type=\"container\">\n\t\t\t\t\t<div class=\"e-con-inner\">\n\t\t\t\t<div class=\"elementor-element elementor-element-c268ddb elementor-align-start elementor-icon-list--layout-traditional elementor-list-item-link-full_width elementor-widget elementor-widget-icon-list\" data-id=\"c268ddb\" data-element_type=\"widget\" data-e-type=\"widget\" data-widget_type=\"icon-list.default\">\n\t\t\t\t<div class=\"elementor-widget-container\">\n\t\t\t\t\t\t\t<ul class=\"elementor-icon-list-items\">\n\t\t\t\t\t\t\t<li class=\"elementor-icon-list-item\">\n\t\t\t\t\t\t\t\t\t\t\t<a href=\"https:\/\/www.facebook.com\/share\/184pLf6iNP\/\">\n\n\t\t\t\t\t\t\t\t\t\t\t\t<span class=\"elementor-icon-list-icon\">\n\t\t\t\t\t\t\t<svg aria-hidden=\"true\" class=\"e-font-icon-svg e-fab-facebook\" viewBox=\"0 0 512 512\" xmlns=\"http:\/\/www.w3.org\/2000\/svg\"><path d=\"M504 256C504 119 393 8 256 8S8 119 8 256c0 123.78 90.69 226.38 209.25 245V327.69h-63V256h63v-54.64c0-62.15 37-96.48 93.67-96.48 27.14 0 55.52 4.84 55.52 4.84v61h-31.28c-30.8 0-40.41 19.12-40.41 38.73V256h68.78l-11 71.69h-57.78V501C413.31 482.38 504 379.78 504 256z\"><\/path><\/svg>\t\t\t\t\t\t<\/span>\n\t\t\t\t\t\t\t\t\t\t<span class=\"elementor-icon-list-text\">Facebook<\/span>\n\t\t\t\t\t\t\t\t\t\t\t<\/a>\n\t\t\t\t\t\t\t\t\t<\/li>\n\t\t\t\t\t\t\t\t<li class=\"elementor-icon-list-item\">\n\t\t\t\t\t\t\t\t\t\t\t<a href=\"https:\/\/www.instagram.com\/hople_haiti?igsh=MWhuazVmeDlvbDV4Mw==%20\">\n\n\t\t\t\t\t\t\t\t\t\t\t\t<span class=\"elementor-icon-list-icon\">\n\t\t\t\t\t\t\t<svg aria-hidden=\"true\" class=\"e-font-icon-svg e-fab-instagram\" viewBox=\"0 0 448 512\" xmlns=\"http:\/\/www.w3.org\/2000\/svg\"><path d=\"M224.1 141c-63.6 0-114.9 51.3-114.9 114.9s51.3 114.9 114.9 114.9S339 319.5 339 255.9 287.7 141 224.1 141zm0 189.6c-41.1 0-74.7-33.5-74.7-74.7s33.5-74.7 74.7-74.7 74.7 33.5 74.7 74.7-33.6 74.7-74.7 74.7zm146.4-194.3c0 14.9-12 26.8-26.8 26.8-14.9 0-26.8-12-26.8-26.8s12-26.8 26.8-26.8 26.8 12 26.8 26.8zm76.1 27.2c-1.7-35.9-9.9-67.7-36.2-93.9-26.2-26.2-58-34.4-93.9-36.2-37-2.1-147.9-2.1-184.9 0-35.8 1.7-67.6 9.9-93.9 36.1s-34.4 58-36.2 93.9c-2.1 37-2.1 147.9 0 184.9 1.7 35.9 9.9 67.7 36.2 93.9s58 34.4 93.9 36.2c37 2.1 147.9 2.1 184.9 0 35.9-1.7 67.7-9.9 93.9-36.2 26.2-26.2 34.4-58 36.2-93.9 2.1-37 2.1-147.8 0-184.8zM398.8 388c-7.8 19.6-22.9 34.7-42.6 42.6-29.5 11.7-99.5 9-132.1 9s-102.7 2.6-132.1-9c-19.6-7.8-34.7-22.9-42.6-42.6-11.7-29.5-9-99.5-9-132.1s-2.6-102.7 9-132.1c7.8-19.6 22.9-34.7 42.6-42.6 29.5-11.7 99.5-9 132.1-9s102.7-2.6 132.1 9c19.6 7.8 34.7 22.9 42.6 42.6 11.7 29.5 9 99.5 9 132.1s2.7 102.7-9 132.1z\"><\/path><\/svg>\t\t\t\t\t\t<\/span>\n\t\t\t\t\t\t\t\t\t\t<span class=\"elementor-icon-list-text\">IG<\/span>\n\t\t\t\t\t\t\t\t\t\t\t<\/a>\n\t\t\t\t\t\t\t\t\t<\/li>\n\t\t\t\t\t\t\t\t<li class=\"elementor-icon-list-item\">\n\t\t\t\t\t\t\t\t\t\t\t<a href=\"https:\/\/x.com\/hople_haiti?t=XPHh2zvd35QIrPlE2TEMRw&#038;s=09%20\">\n\n\t\t\t\t\t\t\t\t\t\t\t\t<span class=\"elementor-icon-list-icon\">\n\t\t\t\t\t\t\t<svg aria-hidden=\"true\" class=\"e-font-icon-svg e-fab-x-twitter\" viewBox=\"0 0 512 512\" xmlns=\"http:\/\/www.w3.org\/2000\/svg\"><path d=\"M389.2 48h70.6L305.6 224.2 487 464H345L233.7 318.6 106.5 464H35.8L200.7 275.5 26.8 48H172.4L272.9 180.9 389.2 48zM364.4 421.8h39.1L151.1 88h-42L364.4 421.8z\"><\/path><\/svg>\t\t\t\t\t\t<\/span>\n\t\t\t\t\t\t\t\t\t\t<span class=\"elementor-icon-list-text\">X<\/span>\n\t\t\t\t\t\t\t\t\t\t\t<\/a>\n\t\t\t\t\t\t\t\t\t<\/li>\n\t\t\t\t\t\t\t\t<li class=\"elementor-icon-list-item\">\n\t\t\t\t\t\t\t\t\t\t\t<a href=\"https:\/\/www.linkedin.com\/company\/organisme-de-promotion-de-la-lecture-et-de-l-ecriture-en-ha%C3%AFti-opleh\/\">\n\n\t\t\t\t\t\t\t\t\t\t\t\t<span class=\"elementor-icon-list-icon\">\n\t\t\t\t\t\t\t<svg aria-hidden=\"true\" class=\"e-font-icon-svg e-fab-linkedin\" viewBox=\"0 0 448 512\" xmlns=\"http:\/\/www.w3.org\/2000\/svg\"><path d=\"M416 32H31.9C14.3 32 0 46.5 0 64.3v383.4C0 465.5 14.3 480 31.9 480H416c17.6 0 32-14.5 32-32.3V64.3c0-17.8-14.4-32.3-32-32.3zM135.4 416H69V202.2h66.5V416zm-33.2-243c-21.3 0-38.5-17.3-38.5-38.5S80.9 96 102.2 96c21.2 0 38.5 17.3 38.5 38.5 0 21.3-17.2 38.5-38.5 38.5zm282.1 243h-66.4V312c0-24.8-.5-56.7-34.5-56.7-34.6 0-39.9 27-39.9 54.9V416h-66.4V202.2h63.7v29.2h.9c8.9-16.8 30.6-34.5 62.9-34.5 67.2 0 79.7 44.3 79.7 101.9V416z\"><\/path><\/svg>\t\t\t\t\t\t<\/span>\n\t\t\t\t\t\t\t\t\t\t<span class=\"elementor-icon-list-text\">LinkedIn<\/span>\n\t\t\t\t\t\t\t\t\t\t\t<\/a>\n\t\t\t\t\t\t\t\t\t<\/li>\n\t\t\t\t\t\t<\/ul>\n\t\t\t\t\t\t<\/div>\n\t\t\t\t<\/div>\n\t\t\t\t\t<\/div>\n\t\t\t\t<\/div>\n\t\t\t\t<\/div>\n\t\t","protected":false},"excerpt":{"rendered":"<p>\u2709\ufe0f Prenons contact ! Nous serions ravis de vous lire et d\u2019\u00e9changer avec vous. Que&hellip;<\/p>\n","protected":false},"author":1,"featured_media":0,"parent":0,"menu_order":0,"comment_status":"closed","ping_status":"closed","template":"","meta":{"_eb_attr":"","footnotes":""},"class_list":["post-105","page","type-page","status-publish","hentry"],"yoast_head":"<!-- This site is optimized with the Yoast SEO plugin v27.2 - https:\/\/yoast.com\/product\/yoast-seo-wordpress\/ -->\n<title>Contactez-nous - OPLEH Contactez-nous<\/title>\n<meta name=\"description\" content=\"%\" \/>\n<meta name=\"robots\" content=\"index, follow, max-snippet:-1, max-image-preview:large, max-video-preview:-1\" \/>\n<link rel=\"canonical\" href=\"https:\/\/opleh.org\/?page_id=105\" \/>\n<meta property=\"og:locale\" content=\"fr_FR\" \/>\n<meta property=\"og:type\" content=\"article\" \/>\n<meta property=\"og:title\" content=\"Contactez-nous - OPLEH Contactez-nous\" \/>\n<meta property=\"og:description\" content=\"%\" \/>\n<meta property=\"og:url\" content=\"https:\/\/opleh.org\/?page_id=105\" \/>\n<meta property=\"og:site_name\" content=\"OPLEH\" \/>\n<meta property=\"article:modified_time\" content=\"2025-09-17T00:12:07+00:00\" \/>\n<meta property=\"og:image\" content=\"https:\/\/opleh.org\/wp-content\/uploads\/2025\/09\/PSX_20250802_232745-1536x862.jpg\" \/>\n<meta name=\"twitter:card\" content=\"summary_large_image\" \/>\n<meta name=\"twitter:label1\" content=\"Dur\u00e9e de lecture estim\u00e9e\" \/>\n\t<meta name=\"twitter:data1\" content=\"3 minutes\" \/>\n<script type=\"application\/ld+json\" class=\"yoast-schema-graph\">{\"@context\":\"https:\/\/schema.org\",\"@graph\":[{\"@type\":\"WebPage\",\"@id\":\"https:\/\/opleh.org\/?page_id=105\",\"url\":\"https:\/\/opleh.org\/?page_id=105\",\"name\":\"Contactez-nous - OPLEH Contactez-nous\",\"isPartOf\":{\"@id\":\"https:\/\/opleh.org\/#website\"},\"primaryImageOfPage\":{\"@id\":\"https:\/\/opleh.org\/?page_id=105#primaryimage\"},\"image\":{\"@id\":\"https:\/\/opleh.org\/?page_id=105#primaryimage\"},\"thumbnailUrl\":\"https:\/\/opleh.org\/wp-content\/uploads\/2025\/09\/PSX_20250802_232745-1536x862.jpg\",\"datePublished\":\"2025-04-09T18:28:14+00:00\",\"dateModified\":\"2025-09-17T00:12:07+00:00\",\"description\":\"%\",\"breadcrumb\":{\"@id\":\"https:\/\/opleh.org\/?page_id=105#breadcrumb\"},\"inLanguage\":\"fr-FR\",\"potentialAction\":[{\"@type\":\"ReadAction\",\"target\":[\"https:\/\/opleh.org\/?page_id=105\"]}]},{\"@type\":\"ImageObject\",\"inLanguage\":\"fr-FR\",\"@id\":\"https:\/\/opleh.org\/?page_id=105#primaryimage\",\"url\":\"https:\/\/opleh.org\/wp-content\/uploads\/2025\/09\/PSX_20250802_232745-scaled.jpg\",\"contentUrl\":\"https:\/\/opleh.org\/wp-content\/uploads\/2025\/09\/PSX_20250802_232745-scaled.jpg\",\"width\":2560,\"height\":1437},{\"@type\":\"BreadcrumbList\",\"@id\":\"https:\/\/opleh.org\/?page_id=105#breadcrumb\",\"itemListElement\":[{\"@type\":\"ListItem\",\"position\":1,\"name\":\"Accueil\",\"item\":\"https:\/\/opleh.org\/\"},{\"@type\":\"ListItem\",\"position\":2,\"name\":\"Contactez-nous\"}]},{\"@type\":\"WebSite\",\"@id\":\"https:\/\/opleh.org\/#website\",\"url\":\"https:\/\/opleh.org\/\",\"name\":\"OPLEH\",\"description\":\"\",\"publisher\":{\"@id\":\"https:\/\/opleh.org\/#organization\"},\"potentialAction\":[{\"@type\":\"SearchAction\",\"target\":{\"@type\":\"EntryPoint\",\"urlTemplate\":\"https:\/\/opleh.org\/?s={search_term_string}\"},\"query-input\":{\"@type\":\"PropertyValueSpecification\",\"valueRequired\":true,\"valueName\":\"search_term_string\"}}],\"inLanguage\":\"fr-FR\"},{\"@type\":\"Organization\",\"@id\":\"https:\/\/opleh.org\/#organization\",\"name\":\"OPLEH\",\"url\":\"https:\/\/opleh.org\/\",\"logo\":{\"@type\":\"ImageObject\",\"inLanguage\":\"fr-FR\",\"@id\":\"https:\/\/opleh.org\/#\/schema\/logo\/image\/\",\"url\":\"https:\/\/opleh.org\/wp-content\/uploads\/2025\/04\/logo_OPLEH.png\",\"contentUrl\":\"https:\/\/opleh.org\/wp-content\/uploads\/2025\/04\/logo_OPLEH.png\",\"width\":1080,\"height\":540,\"caption\":\"OPLEH\"},\"image\":{\"@id\":\"https:\/\/opleh.org\/#\/schema\/logo\/image\/\"}}]}<\/script>\n<!-- \/ Yoast SEO plugin. -->","yoast_head_json":{"title":"Contactez-nous - OPLEH Contactez-nous","description":"%","robots":{"index":"index","follow":"follow","max-snippet":"max-snippet:-1","max-image-preview":"max-image-preview:large","max-video-preview":"max-video-preview:-1"},"canonical":"https:\/\/opleh.org\/?page_id=105","og_locale":"fr_FR","og_type":"article","og_title":"Contactez-nous - OPLEH Contactez-nous","og_description":"%","og_url":"https:\/\/opleh.org\/?page_id=105","og_site_name":"OPLEH","article_modified_time":"2025-09-17T00:12:07+00:00","og_image":[{"url":"https:\/\/opleh.org\/wp-content\/uploads\/2025\/09\/PSX_20250802_232745-1536x862.jpg","type":"","width":"","height":""}],"twitter_card":"summary_large_image","twitter_misc":{"Dur\u00e9e de lecture estim\u00e9e":"3 minutes"},"schema":{"@context":"https:\/\/schema.org","@graph":[{"@type":"WebPage","@id":"https:\/\/opleh.org\/?page_id=105","url":"https:\/\/opleh.org\/?page_id=105","name":"Contactez-nous - OPLEH Contactez-nous","isPartOf":{"@id":"https:\/\/opleh.org\/#website"},"primaryImageOfPage":{"@id":"https:\/\/opleh.org\/?page_id=105#primaryimage"},"image":{"@id":"https:\/\/opleh.org\/?page_id=105#primaryimage"},"thumbnailUrl":"https:\/\/opleh.org\/wp-content\/uploads\/2025\/09\/PSX_20250802_232745-1536x862.jpg","datePublished":"2025-04-09T18:28:14+00:00","dateModified":"2025-09-17T00:12:07+00:00","description":"%","breadcrumb":{"@id":"https:\/\/opleh.org\/?page_id=105#breadcrumb"},"inLanguage":"fr-FR","potentialAction":[{"@type":"ReadAction","target":["https:\/\/opleh.org\/?page_id=105"]}]},{"@type":"ImageObject","inLanguage":"fr-FR","@id":"https:\/\/opleh.org\/?page_id=105#primaryimage","url":"https:\/\/opleh.org\/wp-content\/uploads\/2025\/09\/PSX_20250802_232745-scaled.jpg","contentUrl":"https:\/\/opleh.org\/wp-content\/uploads\/2025\/09\/PSX_20250802_232745-scaled.jpg","width":2560,"height":1437},{"@type":"BreadcrumbList","@id":"https:\/\/opleh.org\/?page_id=105#breadcrumb","itemListElement":[{"@type":"ListItem","position":1,"name":"Accueil","item":"https:\/\/opleh.org\/"},{"@type":"ListItem","position":2,"name":"Contactez-nous"}]},{"@type":"WebSite","@id":"https:\/\/opleh.org\/#website","url":"https:\/\/opleh.org\/","name":"OPLEH","description":"","publisher":{"@id":"https:\/\/opleh.org\/#organization"},"potentialAction":[{"@type":"SearchAction","target":{"@type":"EntryPoint","urlTemplate":"https:\/\/opleh.org\/?s={search_term_string}"},"query-input":{"@type":"PropertyValueSpecification","valueRequired":true,"valueName":"search_term_string"}}],"inLanguage":"fr-FR"},{"@type":"Organization","@id":"https:\/\/opleh.org\/#organization","name":"OPLEH","url":"https:\/\/opleh.org\/","logo":{"@type":"ImageObject","inLanguage":"fr-FR","@id":"https:\/\/opleh.org\/#\/schema\/logo\/image\/","url":"https:\/\/opleh.org\/wp-content\/uploads\/2025\/04\/logo_OPLEH.png","contentUrl":"https:\/\/opleh.org\/wp-content\/uploads\/2025\/04\/logo_OPLEH.png","width":1080,"height":540,"caption":"OPLEH"},"image":{"@id":"https:\/\/opleh.org\/#\/schema\/logo\/image\/"}}]}},"_hostinger_reach_plugin_has_subscription_block":false,"_hostinger_reach_plugin_is_elementor":false,"_links":{"self":[{"href":"https:\/\/opleh.org\/index.php?rest_route=\/wp\/v2\/pages\/105","targetHints":{"allow":["GET"]}}],"collection":[{"href":"https:\/\/opleh.org\/index.php?rest_route=\/wp\/v2\/pages"}],"about":[{"href":"https:\/\/opleh.org\/index.php?rest_route=\/wp\/v2\/types\/page"}],"author":[{"embeddable":true,"href":"https:\/\/opleh.org\/index.php?rest_route=\/wp\/v2\/users\/1"}],"replies":[{"embeddable":true,"href":"https:\/\/opleh.org\/index.php?rest_route=%2Fwp%2Fv2%2Fcomments&post=105"}],"version-history":[{"count":76,"href":"https:\/\/opleh.org\/index.php?rest_route=\/wp\/v2\/pages\/105\/revisions"}],"predecessor-version":[{"id":452,"href":"https:\/\/opleh.org\/index.php?rest_route=\/wp\/v2\/pages\/105\/revisions\/452"}],"wp:attachment":[{"href":"https:\/\/opleh.org\/index.php?rest_route=%2Fwp%2Fv2%2Fmedia&parent=105"}],"curies":[{"name":"wp","href":"https:\/\/api.w.org\/{rel}","templated":true}]}}