{"id":220,"date":"2025-04-14T06:19:29","date_gmt":"2025-04-14T04:19:29","guid":{"rendered":"https:\/\/lemonchiffon-okapi-814758.hostingersite.com\/?page_id=220"},"modified":"2025-08-23T04:24:15","modified_gmt":"2025-08-23T02:24:15","slug":"bibliotheque","status":"publish","type":"page","link":"https:\/\/opleh.org\/?page_id=220","title":{"rendered":"Biblioth\u00e8que"},"content":{"rendered":"\t\t<div data-elementor-type=\"wp-page\" data-elementor-id=\"220\" class=\"elementor elementor-220\">\n\t\t\t\t<div class=\"elementor-element elementor-element-60e8a96 e-flex e-con-boxed e-con e-parent\" data-id=\"60e8a96\" data-element_type=\"container\" data-e-type=\"container\">\n\t\t\t\t\t<div class=\"e-con-inner\">\n\t\t<div class=\"elementor-element elementor-element-a24bb73 e-con-full e-flex e-con e-child\" data-id=\"a24bb73\" data-element_type=\"container\" data-e-type=\"container\">\n\t\t\t\t<div class=\"elementor-element elementor-element-b6ac0a9 elementor-widget elementor-widget-heading\" data-id=\"b6ac0a9\" data-element_type=\"widget\" data-e-type=\"widget\" data-widget_type=\"heading.default\">\n\t\t\t\t<div class=\"elementor-widget-container\">\n\t\t\t\t\t<h1 class=\"elementor-heading-title elementor-size-default\">BIBLIOTHEQUE NUMERIQUE<\/h1>\t\t\t\t<\/div>\n\t\t\t\t<\/div>\n\t\t\t\t<div class=\"elementor-element elementor-element-5178488 elementor-widget elementor-widget-text-editor\" data-id=\"5178488\" data-element_type=\"widget\" data-e-type=\"widget\" data-widget_type=\"text-editor.default\">\n\t\t\t\t<div class=\"elementor-widget-container\">\n\t\t\t\t\t\t\t\t\t<p>D\u00e9couvrez une s\u00e9lection de livres \u00e9ducatifs, cr\u00e9atifs et inspirants, disponibles en ligne.&nbsp;<br><br><\/p>\t\t\t\t\t\t\t\t<\/div>\n\t\t\t\t<\/div>\n\t\t\t\t<div class=\"elementor-element elementor-element-bb6b18b elementor-widget elementor-widget-eael-post-timeline\" data-id=\"bb6b18b\" data-element_type=\"widget\" data-e-type=\"widget\" data-widget_type=\"eael-post-timeline.default\">\n\t\t\t\t<div class=\"elementor-widget-container\">\n\t\t\t\t\t<div id=\"eael-post-timeline-bb6b18b\" class=\"eael-post-timeline timeline-layout-default eael-post-timeline-arrow-\">\n            <div class=\"eael-post-timeline eael-post-appender eael-post-appender-bb6b18b\"><article class=\"eael-timeline-post eael-timeline-column\">\n    <div class=\"eael-timeline-bullet\"><\/div>\n    <div class=\"eael-timeline-post-inner\">\n        <a class=\"eael-timeline-post-link\" href=\"https:\/\/opleh.org\/?p=191\" title=\"D\u00e9veloppement Professionnelet Personnel &#8211; Copy\">\n            <time datetime=\"13 avril 2025\">13 avril 2025<\/time>\n            <div class=\"eael-timeline-post-image  attachment-thumbnail size-thumbnail\" style=\"background-image: url(https:\/\/opleh.org\/wp-content\/uploads\/2025\/04\/modele-impression-entreprise-photo_23-2149008197.jpg);\"><\/div><div class=\"eael-timeline-post-excerpt\"><p>livre personnel<\/p><\/div><div class=\"eael-timeline-post-title\">\n                    <h2 class=\"eael-timeline-post-title-text\">D\u00e9veloppement Professionnelet Personnel &#8211; Copy<\/h2>\n                <\/div><\/a>\n    <\/div>\n<\/article><article class=\"eael-timeline-post eael-timeline-column\">\n    <div class=\"eael-timeline-bullet\"><\/div>\n    <div class=\"eael-timeline-post-inner\">\n        <a class=\"eael-timeline-post-link\" href=\"https:\/\/opleh.org\/?p=179\" title=\"D\u00e9veloppement Professionnelet Personnel\">\n            <time datetime=\"13 avril 2025\">13 avril 2025<\/time>\n            <div class=\"eael-timeline-post-image  attachment-thumbnail size-thumbnail\" style=\"background-image: url(https:\/\/opleh.org\/wp-content\/uploads\/2025\/04\/telechargement-1.jpg);\"><\/div><div class=\"eael-timeline-post-excerpt\"><p>La fa\u00e7on dont vous vous pr\u00e9sentez est cruciale. Elle laisse...<\/p><\/div><div class=\"eael-timeline-post-title\">\n                    <h2 class=\"eael-timeline-post-title-text\">D\u00e9veloppement Professionnelet Personnel<\/h2>\n                <\/div><\/a>\n    <\/div>\n<\/article><article class=\"eael-timeline-post eael-timeline-column\">\n    <div class=\"eael-timeline-bullet\"><\/div>\n    <div class=\"eael-timeline-post-inner\">\n        <a class=\"eael-timeline-post-link\" href=\"https:\/\/opleh.org\/?p=175\" title=\"LE DEVELOPPEMENT PERSONNEL, LA QUETE DUBONHEUR ?\">\n            <time datetime=\"13 avril 2025\">13 avril 2025<\/time>\n            <div class=\"eael-timeline-post-image  attachment-thumbnail size-thumbnail\" style=\"background-image: url(https:\/\/opleh.org\/wp-content\/uploads\/2025\/04\/modele-affiche-couleur-annee-2022_23-2149230119.jpg);\"><\/div><div class=\"eael-timeline-post-excerpt\"><p>D\u00e9veloppement-Personnel-pdf-1<\/p><\/div><div class=\"eael-timeline-post-title\">\n                    <h2 class=\"eael-timeline-post-title-text\">LE DEVELOPPEMENT PERSONNEL, LA QUETE DUBONHEUR ?<\/h2>\n                <\/div><\/a>\n    <\/div>\n<\/article><article class=\"eael-timeline-post eael-timeline-column\">\n    <div class=\"eael-timeline-bullet\"><\/div>\n    <div class=\"eael-timeline-post-inner\">\n        <a class=\"eael-timeline-post-link\" href=\"https:\/\/opleh.org\/?p=171\" title=\"D\u00e9veloppement personnel\">\n            <time datetime=\"13 avril 2025\">13 avril 2025<\/time>\n            <div class=\"eael-timeline-post-image  attachment-thumbnail size-thumbnail\" style=\"background-image: url(https:\/\/opleh.org\/wp-content\/uploads\/2025\/04\/8720870.jpg);\"><\/div><div class=\"eael-timeline-post-excerpt\"><p>D\u00e9veloppement-Personnel-pdf-1T\u00e9l\u00e9charger<\/p><\/div><div class=\"eael-timeline-post-title\">\n                    <h2 class=\"eael-timeline-post-title-text\">D\u00e9veloppement personnel<\/h2>\n                <\/div><\/a>\n    <\/div>\n<\/article><\/div>\n\t\t<\/div>\t\t\t\t<\/div>\n\t\t\t\t<\/div>\n\t\t\t\t<\/div>\n\t\t\t\t\t<\/div>\n\t\t\t\t<\/div>\n\t\t\t\t<\/div>\n\t\t","protected":false},"excerpt":{"rendered":"<p>BIBLIOTHEQUE NUMERIQUE D\u00e9couvrez une s\u00e9lection de livres \u00e9ducatifs, cr\u00e9atifs et inspirants, disponibles en ligne.&nbsp; 13&hellip;<\/p>\n","protected":false},"author":1,"featured_media":0,"parent":137,"menu_order":0,"comment_status":"closed","ping_status":"closed","template":"","meta":{"_eb_attr":"","footnotes":""},"class_list":["post-220","page","type-page","status-publish","hentry"],"yoast_head":"<!-- This site is optimized with the Yoast SEO plugin v27.2 - https:\/\/yoast.com\/product\/yoast-seo-wordpress\/ -->\n<title>Biblioth\u00e8que - OPLEH Biblioth\u00e8que<\/title>\n<meta name=\"description\" content=\"%\" \/>\n<meta name=\"robots\" content=\"index, follow, max-snippet:-1, max-image-preview:large, max-video-preview:-1\" \/>\n<link rel=\"canonical\" href=\"https:\/\/opleh.org\/?page_id=220\" \/>\n<meta property=\"og:locale\" content=\"fr_FR\" \/>\n<meta property=\"og:type\" content=\"article\" \/>\n<meta property=\"og:title\" content=\"Biblioth\u00e8que - OPLEH Biblioth\u00e8que\" \/>\n<meta property=\"og:description\" content=\"%\" \/>\n<meta property=\"og:url\" content=\"https:\/\/opleh.org\/?page_id=220\" \/>\n<meta property=\"og:site_name\" content=\"OPLEH\" \/>\n<meta property=\"article:modified_time\" content=\"2025-08-23T02:24:15+00:00\" \/>\n<meta name=\"twitter:card\" content=\"summary_large_image\" \/>\n<script type=\"application\/ld+json\" class=\"yoast-schema-graph\">{\"@context\":\"https:\/\/schema.org\",\"@graph\":[{\"@type\":\"WebPage\",\"@id\":\"https:\/\/opleh.org\/?page_id=220\",\"url\":\"https:\/\/opleh.org\/?page_id=220\",\"name\":\"Biblioth\u00e8que - OPLEH Biblioth\u00e8que\",\"isPartOf\":{\"@id\":\"https:\/\/opleh.org\/#website\"},\"datePublished\":\"2025-04-14T04:19:29+00:00\",\"dateModified\":\"2025-08-23T02:24:15+00:00\",\"description\":\"%\",\"breadcrumb\":{\"@id\":\"https:\/\/opleh.org\/?page_id=220#breadcrumb\"},\"inLanguage\":\"fr-FR\",\"potentialAction\":[{\"@type\":\"ReadAction\",\"target\":[\"https:\/\/opleh.org\/?page_id=220\"]}]},{\"@type\":\"BreadcrumbList\",\"@id\":\"https:\/\/opleh.org\/?page_id=220#breadcrumb\",\"itemListElement\":[{\"@type\":\"ListItem\",\"position\":1,\"name\":\"Accueil\",\"item\":\"https:\/\/opleh.org\/\"},{\"@type\":\"ListItem\",\"position\":2,\"name\":\"Ressources\",\"item\":\"https:\/\/opleh.org\/?page_id=137\"},{\"@type\":\"ListItem\",\"position\":3,\"name\":\"Biblioth\u00e8que\"}]},{\"@type\":\"WebSite\",\"@id\":\"https:\/\/opleh.org\/#website\",\"url\":\"https:\/\/opleh.org\/\",\"name\":\"OPLEH\",\"description\":\"\",\"publisher\":{\"@id\":\"https:\/\/opleh.org\/#organization\"},\"potentialAction\":[{\"@type\":\"SearchAction\",\"target\":{\"@type\":\"EntryPoint\",\"urlTemplate\":\"https:\/\/opleh.org\/?s={search_term_string}\"},\"query-input\":{\"@type\":\"PropertyValueSpecification\",\"valueRequired\":true,\"valueName\":\"search_term_string\"}}],\"inLanguage\":\"fr-FR\"},{\"@type\":\"Organization\",\"@id\":\"https:\/\/opleh.org\/#organization\",\"name\":\"OPLEH\",\"url\":\"https:\/\/opleh.org\/\",\"logo\":{\"@type\":\"ImageObject\",\"inLanguage\":\"fr-FR\",\"@id\":\"https:\/\/opleh.org\/#\/schema\/logo\/image\/\",\"url\":\"https:\/\/opleh.org\/wp-content\/uploads\/2025\/04\/logo_OPLEH.png\",\"contentUrl\":\"https:\/\/opleh.org\/wp-content\/uploads\/2025\/04\/logo_OPLEH.png\",\"width\":1080,\"height\":540,\"caption\":\"OPLEH\"},\"image\":{\"@id\":\"https:\/\/opleh.org\/#\/schema\/logo\/image\/\"}}]}<\/script>\n<!-- \/ Yoast SEO plugin. -->","yoast_head_json":{"title":"Biblioth\u00e8que - OPLEH Biblioth\u00e8que","description":"%","robots":{"index":"index","follow":"follow","max-snippet":"max-snippet:-1","max-image-preview":"max-image-preview:large","max-video-preview":"max-video-preview:-1"},"canonical":"https:\/\/opleh.org\/?page_id=220","og_locale":"fr_FR","og_type":"article","og_title":"Biblioth\u00e8que - OPLEH Biblioth\u00e8que","og_description":"%","og_url":"https:\/\/opleh.org\/?page_id=220","og_site_name":"OPLEH","article_modified_time":"2025-08-23T02:24:15+00:00","twitter_card":"summary_large_image","schema":{"@context":"https:\/\/schema.org","@graph":[{"@type":"WebPage","@id":"https:\/\/opleh.org\/?page_id=220","url":"https:\/\/opleh.org\/?page_id=220","name":"Biblioth\u00e8que - OPLEH Biblioth\u00e8que","isPartOf":{"@id":"https:\/\/opleh.org\/#website"},"datePublished":"2025-04-14T04:19:29+00:00","dateModified":"2025-08-23T02:24:15+00:00","description":"%","breadcrumb":{"@id":"https:\/\/opleh.org\/?page_id=220#breadcrumb"},"inLanguage":"fr-FR","potentialAction":[{"@type":"ReadAction","target":["https:\/\/opleh.org\/?page_id=220"]}]},{"@type":"BreadcrumbList","@id":"https:\/\/opleh.org\/?page_id=220#breadcrumb","itemListElement":[{"@type":"ListItem","position":1,"name":"Accueil","item":"https:\/\/opleh.org\/"},{"@type":"ListItem","position":2,"name":"Ressources","item":"https:\/\/opleh.org\/?page_id=137"},{"@type":"ListItem","position":3,"name":"Biblioth\u00e8que"}]},{"@type":"WebSite","@id":"https:\/\/opleh.org\/#website","url":"https:\/\/opleh.org\/","name":"OPLEH","description":"","publisher":{"@id":"https:\/\/opleh.org\/#organization"},"potentialAction":[{"@type":"SearchAction","target":{"@type":"EntryPoint","urlTemplate":"https:\/\/opleh.org\/?s={search_term_string}"},"query-input":{"@type":"PropertyValueSpecification","valueRequired":true,"valueName":"search_term_string"}}],"inLanguage":"fr-FR"},{"@type":"Organization","@id":"https:\/\/opleh.org\/#organization","name":"OPLEH","url":"https:\/\/opleh.org\/","logo":{"@type":"ImageObject","inLanguage":"fr-FR","@id":"https:\/\/opleh.org\/#\/schema\/logo\/image\/","url":"https:\/\/opleh.org\/wp-content\/uploads\/2025\/04\/logo_OPLEH.png","contentUrl":"https:\/\/opleh.org\/wp-content\/uploads\/2025\/04\/logo_OPLEH.png","width":1080,"height":540,"caption":"OPLEH"},"image":{"@id":"https:\/\/opleh.org\/#\/schema\/logo\/image\/"}}]}},"_hostinger_reach_plugin_has_subscription_block":false,"_hostinger_reach_plugin_is_elementor":false,"_links":{"self":[{"href":"https:\/\/opleh.org\/index.php?rest_route=\/wp\/v2\/pages\/220","targetHints":{"allow":["GET"]}}],"collection":[{"href":"https:\/\/opleh.org\/index.php?rest_route=\/wp\/v2\/pages"}],"about":[{"href":"https:\/\/opleh.org\/index.php?rest_route=\/wp\/v2\/types\/page"}],"author":[{"embeddable":true,"href":"https:\/\/opleh.org\/index.php?rest_route=\/wp\/v2\/users\/1"}],"replies":[{"embeddable":true,"href":"https:\/\/opleh.org\/index.php?rest_route=%2Fwp%2Fv2%2Fcomments&post=220"}],"version-history":[{"count":11,"href":"https:\/\/opleh.org\/index.php?rest_route=\/wp\/v2\/pages\/220\/revisions"}],"predecessor-version":[{"id":646,"href":"https:\/\/opleh.org\/index.php?rest_route=\/wp\/v2\/pages\/220\/revisions\/646"}],"up":[{"embeddable":true,"href":"https:\/\/opleh.org\/index.php?rest_route=\/wp\/v2\/pages\/137"}],"wp:attachment":[{"href":"https:\/\/opleh.org\/index.php?rest_route=%2Fwp%2Fv2%2Fmedia&parent=220"}],"curies":[{"name":"wp","href":"https:\/\/api.w.org\/{rel}","templated":true}]}}